{"id":1419,"date":"2022-12-30T06:29:30","date_gmt":"2022-12-30T06:29:30","guid":{"rendered":"https:\/\/akinatilla.com\/?page_id=1419"},"modified":"2022-12-30T06:56:14","modified_gmt":"2022-12-30T06:56:14","slug":"atillame","status":"publish","type":"page","link":"https:\/\/akinatilla.com\/tr\/atillame\/","title":{"rendered":"atilla.me"},"content":{"rendered":"<div data-elementor-type=\"wp-page\" data-elementor-id=\"1419\" class=\"elementor elementor-1419\">\n\t\t\t\t\t\t<section class=\"elementor-section elementor-top-section elementor-element elementor-element-4ade6df elementor-section-boxed elementor-section-height-default elementor-section-height-default\" data-id=\"4ade6df\" data-element_type=\"section\" data-e-type=\"section\" data-settings=\"{&quot;background_background&quot;:&quot;classic&quot;}\">\n\t\t\t\t\t\t<div class=\"elementor-container elementor-column-gap-no\">\n\t\t\t\t\t<div class=\"elementor-column elementor-col-100 elementor-top-column elementor-element elementor-element-c5fd240\" data-id=\"c5fd240\" data-element_type=\"column\" data-e-type=\"column\">\n\t\t\t<div class=\"elementor-widget-wrap elementor-element-populated\">\n\t\t\t\t\t\t<div class=\"elementor-element elementor-element-ae9ae29 elementor-widget elementor-widget-heading\" data-id=\"ae9ae29\" data-element_type=\"widget\" data-e-type=\"widget\" data-widget_type=\"heading.default\">\n\t\t\t\t<div class=\"elementor-widget-container\">\n\t\t\t\t\t<h1 class=\"elementor-heading-title elementor-size-default\">atilla.me<\/h1>\t\t\t\t<\/div>\n\t\t\t\t<\/div>\n\t\t\t\t<div class=\"elementor-element elementor-element-7c985c4 elementor-widget elementor-widget-text-editor\" data-id=\"7c985c4\" data-element_type=\"widget\" data-e-type=\"widget\" data-widget_type=\"text-editor.default\">\n\t\t\t\t<div class=\"elementor-widget-container\">\n\t\t\t\t\t\t\t\t\t<p>It contains the contact information of Ak\u0131n Atilla&#8217;s affiliated companies.<\/p>\t\t\t\t\t\t\t\t<\/div>\n\t\t\t\t<\/div>\n\t\t\t\t\t<\/div>\n\t\t<\/div>\n\t\t\t\t\t<\/div>\n\t\t<\/section>\n\t\t\t\t<section class=\"elementor-section elementor-top-section elementor-element elementor-element-cec33cf elementor-section-boxed elementor-section-height-default elementor-section-height-default\" data-id=\"cec33cf\" data-element_type=\"section\" data-e-type=\"section\" data-settings=\"{&quot;background_background&quot;:&quot;classic&quot;}\">\n\t\t\t\t\t\t<div class=\"elementor-container elementor-column-gap-no\">\n\t\t\t\t\t<div class=\"elementor-column elementor-col-100 elementor-top-column elementor-element elementor-element-bdb9006\" data-id=\"bdb9006\" data-element_type=\"column\" data-e-type=\"column\">\n\t\t\t<div class=\"elementor-widget-wrap elementor-element-populated\">\n\t\t\t\t\t\t<div class=\"elementor-element elementor-element-d87c0d5 elementor-widget elementor-widget-heading\" data-id=\"d87c0d5\" data-element_type=\"widget\" data-e-type=\"widget\" data-widget_type=\"heading.default\">\n\t\t\t\t<div class=\"elementor-widget-container\">\n\t\t\t\t\t<div class=\"elementor-heading-title elementor-size-default\">\u201c<\/div>\t\t\t\t<\/div>\n\t\t\t\t<\/div>\n\t\t\t\t<div class=\"elementor-element elementor-element-8a5713d elementor-widget elementor-widget-heading\" data-id=\"8a5713d\" data-element_type=\"widget\" data-e-type=\"widget\" data-widget_type=\"heading.default\">\n\t\t\t\t<div class=\"elementor-widget-container\">\n\t\t\t\t\t<h2 class=\"elementor-heading-title elementor-size-default\">Yenilik ve geli\u015ftirme, her i\u015fletmenin merkezinde yer al\u0131r. Bunu ba\u015farmak ise sab\u0131r ve istikrarla m\u00fcmk\u00fcnd\u00fcr.<\/h2>\t\t\t\t<\/div>\n\t\t\t\t<\/div>\n\t\t\t\t<div class=\"elementor-element elementor-element-4520de2 elementor-widget__width-auto elementor-widget elementor-widget-image\" data-id=\"4520de2\" data-element_type=\"widget\" data-e-type=\"widget\" data-widget_type=\"image.default\">\n\t\t\t\t<div class=\"elementor-widget-container\">\n\t\t\t\t\t\t\t\t\t\t\t\t\t\t\t<img decoding=\"async\" width=\"92\" height=\"92\" src=\"https:\/\/akinatilla.com\/wp-content\/uploads\/2019\/03\/cropped-A_icon3-2.png\" class=\"attachment-full size-full wp-image-179\" alt=\"\" srcset=\"https:\/\/akinatilla.com\/wp-content\/uploads\/2019\/03\/cropped-A_icon3-2.png 92w, https:\/\/akinatilla.com\/wp-content\/uploads\/2019\/03\/cropped-A_icon3-2-12x12.png 12w, https:\/\/akinatilla.com\/wp-content\/uploads\/2019\/03\/cropped-A_icon3-2-75x75.png 75w\" sizes=\"(max-width: 92px) 100vw, 92px\" \/>\t\t\t\t\t\t\t\t\t\t\t\t\t\t\t<\/div>\n\t\t\t\t<\/div>\n\t\t\t\t<div class=\"elementor-element elementor-element-a03962d elementor-widget elementor-widget-heading\" data-id=\"a03962d\" data-element_type=\"widget\" data-e-type=\"widget\" data-widget_type=\"heading.default\">\n\t\t\t\t<div class=\"elementor-widget-container\">\n\t\t\t\t\t<h5 class=\"elementor-heading-title elementor-size-default\">Ak\u0131n Atilla<\/h5>\t\t\t\t<\/div>\n\t\t\t\t<\/div>\n\t\t\t\t\t<\/div>\n\t\t<\/div>\n\t\t\t\t\t<\/div>\n\t\t<\/section>\n\t\t\t\t<\/div>","protected":false},"excerpt":{"rendered":"<p>atilla.me It contains the contact information of Ak\u0131n Atilla&#8217;s affiliated companies. \u201c Innovation and development are at the core of every enterprise. Achieving this is possible with patience and stability. Ak\u0131n Atilla<\/p>","protected":false},"author":1,"featured_media":0,"parent":0,"menu_order":0,"comment_status":"closed","ping_status":"closed","template":"","meta":{"content-type":"","site-sidebar-layout":"no-sidebar","site-content-layout":"page-builder","ast-site-content-layout":"default","site-content-style":"default","site-sidebar-style":"default","ast-global-header-display":"","ast-banner-title-visibility":"","ast-main-header-display":"","ast-hfb-above-header-display":"","ast-hfb-below-header-display":"","ast-hfb-mobile-header-display":"","site-post-title":"disabled","ast-breadcrumbs-content":"","ast-featured-img":"disabled","footer-sml-layout":"","ast-disable-related-posts":"","theme-transparent-header-meta":"enabled","adv-header-id-meta":"","stick-header-meta":"","header-above-stick-meta":"","header-main-stick-meta":"","header-below-stick-meta":"","astra-migrate-meta-layouts":"default","ast-page-background-enabled":"default","ast-page-background-meta":{"desktop":{"background-color":"","background-image":"","background-repeat":"repeat","background-position":"center center","background-size":"auto","background-attachment":"scroll","background-type":"","background-media":"","overlay-type":"","overlay-color":"","overlay-opacity":"","overlay-gradient":""},"tablet":{"background-color":"","background-image":"","background-repeat":"repeat","background-position":"center center","background-size":"auto","background-attachment":"scroll","background-type":"","background-media":"","overlay-type":"","overlay-color":"","overlay-opacity":"","overlay-gradient":""},"mobile":{"background-color":"","background-image":"","background-repeat":"repeat","background-position":"center center","background-size":"auto","background-attachment":"scroll","background-type":"","background-media":"","overlay-type":"","overlay-color":"","overlay-opacity":"","overlay-gradient":""}},"ast-content-background-meta":{"desktop":{"background-color":"var(--ast-global-color-5)","background-image":"","background-repeat":"repeat","background-position":"center center","background-size":"auto","background-attachment":"scroll","background-type":"","background-media":"","overlay-type":"","overlay-color":"","overlay-opacity":"","overlay-gradient":""},"tablet":{"background-color":"var(--ast-global-color-5)","background-image":"","background-repeat":"repeat","background-position":"center center","background-size":"auto","background-attachment":"scroll","background-type":"","background-media":"","overlay-type":"","overlay-color":"","overlay-opacity":"","overlay-gradient":""},"mobile":{"background-color":"var(--ast-global-color-5)","background-image":"","background-repeat":"repeat","background-position":"center center","background-size":"auto","background-attachment":"scroll","background-type":"","background-media":"","overlay-type":"","overlay-color":"","overlay-opacity":"","overlay-gradient":""}},"footnotes":""},"class_list":["post-1419","page","type-page","status-publish","hentry"],"yoast_head":"<!-- This site is optimized with the Yoast SEO plugin v27.4 - https:\/\/yoast.com\/product\/yoast-seo-wordpress\/ -->\n<title>atilla.me - AKIN ATILLA<\/title>\n<meta name=\"description\" content=\"Strategy, Project Management, Consulting. Basically, we provide consultancy and project-based services on issues such as branding, institutionalization, restructuring, target and roadmap creation to any sector that has just started and wants to restructure.\" \/>\n<meta name=\"robots\" content=\"index, follow, max-snippet:-1, max-image-preview:large, max-video-preview:-1\" \/>\n<link rel=\"canonical\" href=\"https:\/\/akinatilla.com\/tr\/atillame\/\" \/>\n<meta property=\"og:locale\" content=\"tr_TR\" \/>\n<meta property=\"og:type\" content=\"article\" \/>\n<meta property=\"og:title\" content=\"atilla.me - AKIN ATILLA\" \/>\n<meta property=\"og:description\" content=\"Strategy, Project Management, Consulting. Basically, we provide consultancy and project-based services on issues such as branding, institutionalization, restructuring, target and roadmap creation to any sector that has just started and wants to restructure.\" \/>\n<meta property=\"og:url\" content=\"https:\/\/akinatilla.com\/tr\/atillame\/\" \/>\n<meta property=\"og:site_name\" content=\"AKIN ATILLA\" \/>\n<meta property=\"article:publisher\" content=\"https:\/\/facebook.com\/oaatilla\" \/>\n<meta property=\"article:modified_time\" content=\"2022-12-30T06:56:14+00:00\" \/>\n<meta property=\"og:image\" content=\"http:\/\/akinatilla.com\/wp-content\/uploads\/2019\/03\/cropped-A_icon3-2.png\" \/>\n<meta name=\"twitter:card\" content=\"summary_large_image\" \/>\n<meta name=\"twitter:site\" content=\"@akinatilla\" \/>\n<meta name=\"twitter:label1\" content=\"Tahmini okuma s\u00fcresi\" \/>\n\t<meta name=\"twitter:data1\" content=\"1 dakika\" \/>\n<script type=\"application\/ld+json\" class=\"yoast-schema-graph\">{\"@context\":\"https:\\\/\\\/schema.org\",\"@graph\":[{\"@type\":\"WebPage\",\"@id\":\"https:\\\/\\\/akinatilla.com\\\/atillame\\\/\",\"url\":\"https:\\\/\\\/akinatilla.com\\\/atillame\\\/\",\"name\":\"atilla.me - AKIN ATILLA\",\"isPartOf\":{\"@id\":\"https:\\\/\\\/akinatilla.com\\\/#website\"},\"primaryImageOfPage\":{\"@id\":\"https:\\\/\\\/akinatilla.com\\\/atillame\\\/#primaryimage\"},\"image\":{\"@id\":\"https:\\\/\\\/akinatilla.com\\\/atillame\\\/#primaryimage\"},\"thumbnailUrl\":\"http:\\\/\\\/akinatilla.com\\\/wp-content\\\/uploads\\\/2019\\\/03\\\/cropped-A_icon3-2.png\",\"datePublished\":\"2022-12-30T06:29:30+00:00\",\"dateModified\":\"2022-12-30T06:56:14+00:00\",\"description\":\"Strategy, Project Management, Consulting. Basically, we provide consultancy and project-based services on issues such as branding, institutionalization, restructuring, target and roadmap creation to any sector that has just started and wants to restructure.\",\"breadcrumb\":{\"@id\":\"https:\\\/\\\/akinatilla.com\\\/atillame\\\/#breadcrumb\"},\"inLanguage\":\"tr\",\"potentialAction\":[{\"@type\":\"ReadAction\",\"target\":[\"https:\\\/\\\/akinatilla.com\\\/atillame\\\/\"]}]},{\"@type\":\"ImageObject\",\"inLanguage\":\"tr\",\"@id\":\"https:\\\/\\\/akinatilla.com\\\/atillame\\\/#primaryimage\",\"url\":\"http:\\\/\\\/akinatilla.com\\\/wp-content\\\/uploads\\\/2019\\\/03\\\/cropped-A_icon3-2.png\",\"contentUrl\":\"http:\\\/\\\/akinatilla.com\\\/wp-content\\\/uploads\\\/2019\\\/03\\\/cropped-A_icon3-2.png\"},{\"@type\":\"BreadcrumbList\",\"@id\":\"https:\\\/\\\/akinatilla.com\\\/atillame\\\/#breadcrumb\",\"itemListElement\":[{\"@type\":\"ListItem\",\"position\":1,\"name\":\"Ana sayfa\",\"item\":\"https:\\\/\\\/akinatilla.com\\\/\"},{\"@type\":\"ListItem\",\"position\":2,\"name\":\"atilla.me\"}]},{\"@type\":\"WebSite\",\"@id\":\"https:\\\/\\\/akinatilla.com\\\/#website\",\"url\":\"https:\\\/\\\/akinatilla.com\\\/\",\"name\":\"AKIN ATILLA\",\"description\":\"Business and Brand Development, Entrepreneur, Consulting\",\"publisher\":{\"@id\":\"https:\\\/\\\/akinatilla.com\\\/#organization\"},\"potentialAction\":[{\"@type\":\"SearchAction\",\"target\":{\"@type\":\"EntryPoint\",\"urlTemplate\":\"https:\\\/\\\/akinatilla.com\\\/?s={search_term_string}\"},\"query-input\":{\"@type\":\"PropertyValueSpecification\",\"valueRequired\":true,\"valueName\":\"search_term_string\"}}],\"inLanguage\":\"tr\"},{\"@type\":\"Organization\",\"@id\":\"https:\\\/\\\/akinatilla.com\\\/#organization\",\"name\":\"AKIN ATILLA\",\"url\":\"https:\\\/\\\/akinatilla.com\\\/\",\"logo\":{\"@type\":\"ImageObject\",\"inLanguage\":\"tr\",\"@id\":\"https:\\\/\\\/akinatilla.com\\\/#\\\/schema\\\/logo\\\/image\\\/\",\"url\":\"https:\\\/\\\/akinatilla.com\\\/wp-content\\\/uploads\\\/2019\\\/03\\\/A_icon2-1.png\",\"contentUrl\":\"https:\\\/\\\/akinatilla.com\\\/wp-content\\\/uploads\\\/2019\\\/03\\\/A_icon2-1.png\",\"width\":124,\"height\":124,\"caption\":\"AKIN ATILLA\"},\"image\":{\"@id\":\"https:\\\/\\\/akinatilla.com\\\/#\\\/schema\\\/logo\\\/image\\\/\"},\"sameAs\":[\"https:\\\/\\\/facebook.com\\\/oaatilla\",\"https:\\\/\\\/x.com\\\/akinatilla\",\"https:\\\/\\\/instagram.com\\\/akin.atilla\",\"https:\\\/\\\/linkedin.com\\\/in\\\/akinatilla\",\"https:\\\/\\\/www.youtube.com\\\/c\\\/akinatilla\"]}]}<\/script>\n<!-- \/ Yoast SEO plugin. -->","yoast_head_json":{"title":"atilla.me - AKIN ATILLA","description":"Strategy, Project Management, Consulting. Basically, we provide consultancy and project-based services on issues such as branding, institutionalization, restructuring, target and roadmap creation to any sector that has just started and wants to restructure.","robots":{"index":"index","follow":"follow","max-snippet":"max-snippet:-1","max-image-preview":"max-image-preview:large","max-video-preview":"max-video-preview:-1"},"canonical":"https:\/\/akinatilla.com\/tr\/atillame\/","og_locale":"tr_TR","og_type":"article","og_title":"atilla.me - AKIN ATILLA","og_description":"Strategy, Project Management, Consulting. Basically, we provide consultancy and project-based services on issues such as branding, institutionalization, restructuring, target and roadmap creation to any sector that has just started and wants to restructure.","og_url":"https:\/\/akinatilla.com\/tr\/atillame\/","og_site_name":"AKIN ATILLA","article_publisher":"https:\/\/facebook.com\/oaatilla","article_modified_time":"2022-12-30T06:56:14+00:00","og_image":[{"url":"http:\/\/akinatilla.com\/wp-content\/uploads\/2019\/03\/cropped-A_icon3-2.png","type":"","width":"","height":""}],"twitter_card":"summary_large_image","twitter_site":"@akinatilla","twitter_misc":{"Tahmini okuma s\u00fcresi":"1 dakika"},"schema":{"@context":"https:\/\/schema.org","@graph":[{"@type":"WebPage","@id":"https:\/\/akinatilla.com\/atillame\/","url":"https:\/\/akinatilla.com\/atillame\/","name":"atilla.me - AKIN ATILLA","isPartOf":{"@id":"https:\/\/akinatilla.com\/#website"},"primaryImageOfPage":{"@id":"https:\/\/akinatilla.com\/atillame\/#primaryimage"},"image":{"@id":"https:\/\/akinatilla.com\/atillame\/#primaryimage"},"thumbnailUrl":"http:\/\/akinatilla.com\/wp-content\/uploads\/2019\/03\/cropped-A_icon3-2.png","datePublished":"2022-12-30T06:29:30+00:00","dateModified":"2022-12-30T06:56:14+00:00","description":"Strategy, Project Management, Consulting. Basically, we provide consultancy and project-based services on issues such as branding, institutionalization, restructuring, target and roadmap creation to any sector that has just started and wants to restructure.","breadcrumb":{"@id":"https:\/\/akinatilla.com\/atillame\/#breadcrumb"},"inLanguage":"tr","potentialAction":[{"@type":"ReadAction","target":["https:\/\/akinatilla.com\/atillame\/"]}]},{"@type":"ImageObject","inLanguage":"tr","@id":"https:\/\/akinatilla.com\/atillame\/#primaryimage","url":"http:\/\/akinatilla.com\/wp-content\/uploads\/2019\/03\/cropped-A_icon3-2.png","contentUrl":"http:\/\/akinatilla.com\/wp-content\/uploads\/2019\/03\/cropped-A_icon3-2.png"},{"@type":"BreadcrumbList","@id":"https:\/\/akinatilla.com\/atillame\/#breadcrumb","itemListElement":[{"@type":"ListItem","position":1,"name":"Ana sayfa","item":"https:\/\/akinatilla.com\/"},{"@type":"ListItem","position":2,"name":"atilla.me"}]},{"@type":"WebSite","@id":"https:\/\/akinatilla.com\/#website","url":"https:\/\/akinatilla.com\/","name":"AKIN ATILLA","description":"Business and Brand Development, Entrepreneur, Consulting","publisher":{"@id":"https:\/\/akinatilla.com\/#organization"},"potentialAction":[{"@type":"SearchAction","target":{"@type":"EntryPoint","urlTemplate":"https:\/\/akinatilla.com\/?s={search_term_string}"},"query-input":{"@type":"PropertyValueSpecification","valueRequired":true,"valueName":"search_term_string"}}],"inLanguage":"tr"},{"@type":"Organization","@id":"https:\/\/akinatilla.com\/#organization","name":"AKIN ATILLA","url":"https:\/\/akinatilla.com\/","logo":{"@type":"ImageObject","inLanguage":"tr","@id":"https:\/\/akinatilla.com\/#\/schema\/logo\/image\/","url":"https:\/\/akinatilla.com\/wp-content\/uploads\/2019\/03\/A_icon2-1.png","contentUrl":"https:\/\/akinatilla.com\/wp-content\/uploads\/2019\/03\/A_icon2-1.png","width":124,"height":124,"caption":"AKIN ATILLA"},"image":{"@id":"https:\/\/akinatilla.com\/#\/schema\/logo\/image\/"},"sameAs":["https:\/\/facebook.com\/oaatilla","https:\/\/x.com\/akinatilla","https:\/\/instagram.com\/akin.atilla","https:\/\/linkedin.com\/in\/akinatilla","https:\/\/www.youtube.com\/c\/akinatilla"]}]}},"jetpack_sharing_enabled":true,"_links":{"self":[{"href":"https:\/\/akinatilla.com\/tr\/wp-json\/wp\/v2\/pages\/1419","targetHints":{"allow":["GET"]}}],"collection":[{"href":"https:\/\/akinatilla.com\/tr\/wp-json\/wp\/v2\/pages"}],"about":[{"href":"https:\/\/akinatilla.com\/tr\/wp-json\/wp\/v2\/types\/page"}],"author":[{"embeddable":true,"href":"https:\/\/akinatilla.com\/tr\/wp-json\/wp\/v2\/users\/1"}],"replies":[{"embeddable":true,"href":"https:\/\/akinatilla.com\/tr\/wp-json\/wp\/v2\/comments?post=1419"}],"version-history":[{"count":7,"href":"https:\/\/akinatilla.com\/tr\/wp-json\/wp\/v2\/pages\/1419\/revisions"}],"predecessor-version":[{"id":1432,"href":"https:\/\/akinatilla.com\/tr\/wp-json\/wp\/v2\/pages\/1419\/revisions\/1432"}],"wp:attachment":[{"href":"https:\/\/akinatilla.com\/tr\/wp-json\/wp\/v2\/media?parent=1419"}],"curies":[{"name":"wp","href":"https:\/\/api.w.org\/{rel}","templated":true}]}}